{"id":2399,"date":"2022-07-11T12:33:08","date_gmt":"2022-07-11T12:33:08","guid":{"rendered":"http:\/\/tplabs.co\/agrios\/?page_id=2399"},"modified":"2024-03-13T19:44:37","modified_gmt":"2024-03-13T16:44:37","slug":"blog-2","status":"publish","type":"page","link":"https:\/\/hacibeygroup.com\/index.php\/blog-2\/","title":{"rendered":"Blog"},"content":{"rendered":"\t\t<div data-elementor-type=\"wp-page\" data-elementor-id=\"2399\" class=\"elementor elementor-2399\">\n\t\t\t\t\t\t<section class=\"elementor-section elementor-top-section elementor-element elementor-element-09b0614 elementor-section-boxed elementor-section-height-default elementor-section-height-default\" data-id=\"09b0614\" data-element_type=\"section\">\n\t\t\t\t\t\t<div class=\"elementor-container elementor-column-gap-default\">\n\t\t\t\t\t<div class=\"elementor-column elementor-col-100 elementor-top-column elementor-element elementor-element-217e825\" data-id=\"217e825\" data-element_type=\"column\">\n\t\t\t<div class=\"elementor-widget-wrap elementor-element-populated\">\n\t\t\t\t\t\t<div class=\"elementor-element elementor-element-a11d771 news-style-1 elementor-widget elementor-widget-mae-news-grid\" data-id=\"a11d771\" data-element_type=\"widget\" data-widget_type=\"mae-news-grid.default\">\n\t\t\t\t<div class=\"elementor-widget-container\">\n\t\t\t\n        <div class=\"master-portfolio news-style-1\" data-config='{\"columns\":3,\"columnsTablet\":2,\"columnsMobile\":1,\"gapHorizontal\":30,\"gapVertical\":30,\"layoutMode\":\"grid\"}'>\n            <div class=\"galleries cbp\">\n                                    \n                        <div class=\"master-news cbp-item\">\n                            <div class=\"image-wrap\"><a class=\"thumb\" href=\"https:\/\/hacibeygroup.com\/index.php\/2022\/07\/05\/dunya-saglik-orgutu-yas-meyve-ve-sebzelerin-onemini-vurguluyor\/\" aria-label=\"&#8220;D\u00fcnya Sa\u011fl\u0131k \u00d6rg\u00fct\u00fc, Ya\u015f Meyve ve Sebzelerin \u00d6nemini Vurguluyor&#8221;\"><span class=\"inner\"><img fetchpriority=\"high\" decoding=\"async\" width=\"370\" height=\"300\" src=\"https:\/\/hacibeygroup.com\/wp-content\/uploads\/2022\/07\/fresh-vegetable-370x300.webp\" class=\"attachment-mae-std2 size-mae-std2 wp-post-image\" alt=\"\" \/><\/span><\/a><\/div><div class=\"content-wrap\"><span class=\"post-date default\">05 Temmuz 2022<\/span><div class=\"post-meta\"><span class=\"post-by-author item\"><span class=\"prefix\">by<\/span> \n                    <a class=\"name\" href=\"https:\/\/hacibeygroup.com\/index.php\/author\/hacibey\/\" title=\"View all posts by hacibey\">hacibey<\/a>\n                <\/span><\/div><h3 class=\"headline-2\"><a href=\"https:\/\/hacibeygroup.com\/index.php\/2022\/07\/05\/dunya-saglik-orgutu-yas-meyve-ve-sebzelerin-onemini-vurguluyor\/\">&#8220;D\u00fcnya Sa\u011fl\u0131k \u00d6rg\u00fct\u00fc, Ya\u015f Meyve ve Sebzelerin \u00d6nemini Vurguluyor&#8221;<\/a><\/h3><div class=\"desc\">D\u00fcnya Sa\u011fl\u0131k \u00d6rg\u00fct\u00fc (WHO), sa\u011fl\u0131kl\u0131 beslenmenin \u00f6nemini vurgulamak i\u00e7in ya\u015f<\/div><div class=\"sep\"><\/div><\/div>\n                        <\/div>\n                    \n                        <div class=\"master-news cbp-item\">\n                            <div class=\"image-wrap\"><a class=\"thumb\" href=\"https:\/\/hacibeygroup.com\/index.php\/2022\/07\/05\/kuresel-tarim-trendleri-organik-meyve-ve-sebze-talebi-artiyor\/\" aria-label=\"&#8220;K\u00fcresel Tar\u0131m Trendleri: Organik Meyve ve Sebze Talebi Art\u0131yor&#8221;\"><span class=\"inner\"><img decoding=\"async\" width=\"370\" height=\"300\" src=\"https:\/\/hacibeygroup.com\/wp-content\/uploads\/2022\/07\/news-05-370x300.webp\" class=\"attachment-mae-std2 size-mae-std2 wp-post-image\" alt=\"\" \/><\/span><\/a><\/div><div class=\"content-wrap\"><span class=\"post-date default\">05 Temmuz 2022<\/span><div class=\"post-meta\"><span class=\"post-by-author item\"><span class=\"prefix\">by<\/span> \n                    <a class=\"name\" href=\"https:\/\/hacibeygroup.com\/index.php\/author\/hacibey\/\" title=\"View all posts by hacibey\">hacibey<\/a>\n                <\/span><\/div><h3 class=\"headline-2\"><a href=\"https:\/\/hacibeygroup.com\/index.php\/2022\/07\/05\/kuresel-tarim-trendleri-organik-meyve-ve-sebze-talebi-artiyor\/\">&#8220;K\u00fcresel Tar\u0131m Trendleri: Organik Meyve ve Sebze Talebi Art\u0131yor&#8221;<\/a><\/h3><div class=\"desc\">K\u00fcresel olarak, organik meyve ve sebzelerin talebinde art\u0131\u015f ya\u015fan\u0131yor. T\u00fcketiciler,<\/div><div class=\"sep\"><\/div><\/div>\n                        <\/div>\n                    \n                        <div class=\"master-news cbp-item\">\n                            <div class=\"image-wrap\"><a class=\"thumb\" href=\"https:\/\/hacibeygroup.com\/index.php\/2022\/07\/05\/teknoloji-ile-tarimda-devrim-akilli-tarimin-rolu\/\" aria-label=\"&#8220;Teknoloji ile Tar\u0131mda Devrim: Ak\u0131ll\u0131 Tar\u0131m\u0131n Rol\u00fc&#8221;\"><span class=\"inner\"><img decoding=\"async\" width=\"370\" height=\"300\" src=\"https:\/\/hacibeygroup.com\/wp-content\/uploads\/2022\/07\/news-04-370x300.webp\" class=\"attachment-mae-std2 size-mae-std2 wp-post-image\" alt=\"\" \/><\/span><\/a><\/div><div class=\"content-wrap\"><span class=\"post-date default\">05 Temmuz 2022<\/span><div class=\"post-meta\"><span class=\"post-by-author item\"><span class=\"prefix\">by<\/span> \n                    <a class=\"name\" href=\"https:\/\/hacibeygroup.com\/index.php\/author\/hacibey\/\" title=\"View all posts by hacibey\">hacibey<\/a>\n                <\/span><\/div><h3 class=\"headline-2\"><a href=\"https:\/\/hacibeygroup.com\/index.php\/2022\/07\/05\/teknoloji-ile-tarimda-devrim-akilli-tarimin-rolu\/\">&#8220;Teknoloji ile Tar\u0131mda Devrim: Ak\u0131ll\u0131 Tar\u0131m\u0131n Rol\u00fc&#8221;<\/a><\/h3><div class=\"desc\">D\u00fcnya genelinde tar\u0131m sekt\u00f6r\u00fcnde dijital teknolojilerin kullan\u0131m\u0131 art\u0131yor. Ak\u0131ll\u0131 tar\u0131m<\/div><div class=\"sep\"><\/div><\/div>\n                        <\/div>\n                                <\/div><!-- galleries -->\n        <\/div><!-- master-portfolio -->\n        \t\t<\/div>\n\t\t\t\t<\/div>\n\t\t\t\t\t<\/div>\n\t\t<\/div>\n\t\t\t\t\t<\/div>\n\t\t<\/section>\n\t\t\t\t<\/div>\n\t\t\n    <div class=\"xs_social_share_widget xs_share_url after_content \t\tmain_content  wslu-style-1 wslu-share-box-shaped wslu-fill-colored wslu-none wslu-share-horizontal wslu-theme-font-no wslu-main_content\">\n\n\t\t\n        <ul>\n\t\t\t        <\/ul>\n    <\/div> \n","protected":false},"excerpt":{"rendered":"<p>05 July 2022by Kevin Martin \/1 Comment Bringing Food Production Back To Cities Lorem ipsum dolor sit amet, cibo mundi ea duo, vim 05 July 2022by Kevin Martin \/0 Comments The Future of Farming, Smart Irrigation Solutions Lorem ipsum dolor sit amet, cibo mundi ea duo, vim 05 July 2022by<\/p>\n","protected":false},"author":1,"featured_media":0,"parent":0,"menu_order":0,"comment_status":"closed","ping_status":"closed","template":"","meta":{"inline_featured_image":false,"footnotes":""},"class_list":["post-2399","page","type-page","status-publish","hentry"],"_links":{"self":[{"href":"https:\/\/hacibeygroup.com\/index.php\/wp-json\/wp\/v2\/pages\/2399","targetHints":{"allow":["GET"]}}],"collection":[{"href":"https:\/\/hacibeygroup.com\/index.php\/wp-json\/wp\/v2\/pages"}],"about":[{"href":"https:\/\/hacibeygroup.com\/index.php\/wp-json\/wp\/v2\/types\/page"}],"author":[{"embeddable":true,"href":"https:\/\/hacibeygroup.com\/index.php\/wp-json\/wp\/v2\/users\/1"}],"replies":[{"embeddable":true,"href":"https:\/\/hacibeygroup.com\/index.php\/wp-json\/wp\/v2\/comments?post=2399"}],"version-history":[{"count":1,"href":"https:\/\/hacibeygroup.com\/index.php\/wp-json\/wp\/v2\/pages\/2399\/revisions"}],"predecessor-version":[{"id":3093,"href":"https:\/\/hacibeygroup.com\/index.php\/wp-json\/wp\/v2\/pages\/2399\/revisions\/3093"}],"wp:attachment":[{"href":"https:\/\/hacibeygroup.com\/index.php\/wp-json\/wp\/v2\/media?parent=2399"}],"curies":[{"name":"wp","href":"https:\/\/api.w.org\/{rel}","templated":true}]}}