{"id":3060,"date":"2024-03-13T19:14:45","date_gmt":"2024-03-13T16:14:45","guid":{"rendered":"https:\/\/hacibeygroup.com\/?page_id=3060"},"modified":"2024-03-13T19:22:40","modified_gmt":"2024-03-13T16:22:40","slug":"cikis-sezonlari","status":"publish","type":"page","link":"https:\/\/hacibeygroup.com\/index.php\/cikis-sezonlari\/","title":{"rendered":"\u00c7\u0131k\u0131\u015f Sezonlar\u0131"},"content":{"rendered":"\t\t<div data-elementor-type=\"wp-page\" data-elementor-id=\"3060\" class=\"elementor elementor-3060\">\n\t\t\t\t<div class=\"elementor-element elementor-element-66cdca0 e-flex e-con-boxed e-con e-parent\" data-id=\"66cdca0\" data-element_type=\"container\" data-core-v316-plus=\"true\">\n\t\t\t\t\t<div class=\"e-con-inner\">\n\t\t\t\t<div class=\"elementor-element elementor-element-2313434 elementor-widget elementor-widget-image\" data-id=\"2313434\" data-element_type=\"widget\" data-widget_type=\"image.default\">\n\t\t\t\t<div class=\"elementor-widget-container\">\n\t\t\t<style>\/*! elementor - v3.20.0 - 13-03-2024 *\/\n.elementor-widget-image{text-align:center}.elementor-widget-image a{display:inline-block}.elementor-widget-image a img[src$=\".svg\"]{width:48px}.elementor-widget-image img{vertical-align:middle;display:inline-block}<\/style>\t\t\t\t\t\t\t\t\t\t<img fetchpriority=\"high\" decoding=\"async\" width=\"900\" height=\"265\" src=\"https:\/\/hacibeygroup.com\/wp-content\/uploads\/2024\/03\/citrusseason.jpg\" class=\"attachment-large size-large wp-image-3064\" alt=\"\" srcset=\"https:\/\/hacibeygroup.com\/wp-content\/uploads\/2024\/03\/citrusseason.jpg 900w, https:\/\/hacibeygroup.com\/wp-content\/uploads\/2024\/03\/citrusseason-300x88.jpg 300w, https:\/\/hacibeygroup.com\/wp-content\/uploads\/2024\/03\/citrusseason-768x226.jpg 768w, https:\/\/hacibeygroup.com\/wp-content\/uploads\/2024\/03\/citrusseason-600x177.jpg 600w\" sizes=\"(max-width: 900px) 100vw, 900px\" \/>\t\t\t\t\t\t\t\t\t\t\t\t\t<\/div>\n\t\t\t\t<\/div>\n\t\t\t\t<div class=\"elementor-element elementor-element-5fdc661 elementor-widget elementor-widget-image\" data-id=\"5fdc661\" data-element_type=\"widget\" data-widget_type=\"image.default\">\n\t\t\t\t<div class=\"elementor-widget-container\">\n\t\t\t\t\t\t\t\t\t\t\t\t\t<img decoding=\"async\" width=\"900\" height=\"572\" src=\"https:\/\/hacibeygroup.com\/wp-content\/uploads\/2024\/03\/fruitsseason.jpg\" class=\"attachment-large size-large wp-image-3065\" alt=\"\" srcset=\"https:\/\/hacibeygroup.com\/wp-content\/uploads\/2024\/03\/fruitsseason.jpg 900w, https:\/\/hacibeygroup.com\/wp-content\/uploads\/2024\/03\/fruitsseason-300x191.jpg 300w, https:\/\/hacibeygroup.com\/wp-content\/uploads\/2024\/03\/fruitsseason-768x488.jpg 768w, https:\/\/hacibeygroup.com\/wp-content\/uploads\/2024\/03\/fruitsseason-600x381.jpg 600w\" sizes=\"(max-width: 900px) 100vw, 900px\" \/>\t\t\t\t\t\t\t\t\t\t\t\t\t<\/div>\n\t\t\t\t<\/div>\n\t\t\t\t<div class=\"elementor-element elementor-element-a8fd108 elementor-widget elementor-widget-image\" data-id=\"a8fd108\" data-element_type=\"widget\" data-widget_type=\"image.default\">\n\t\t\t\t<div class=\"elementor-widget-container\">\n\t\t\t\t\t\t\t\t\t\t\t\t\t<img decoding=\"async\" width=\"900\" height=\"376\" src=\"https:\/\/hacibeygroup.com\/wp-content\/uploads\/2024\/03\/vegetablesseason.jpg\" class=\"attachment-large size-large wp-image-3066\" alt=\"\" srcset=\"https:\/\/hacibeygroup.com\/wp-content\/uploads\/2024\/03\/vegetablesseason.jpg 900w, https:\/\/hacibeygroup.com\/wp-content\/uploads\/2024\/03\/vegetablesseason-300x125.jpg 300w, https:\/\/hacibeygroup.com\/wp-content\/uploads\/2024\/03\/vegetablesseason-768x321.jpg 768w, https:\/\/hacibeygroup.com\/wp-content\/uploads\/2024\/03\/vegetablesseason-600x251.jpg 600w\" sizes=\"(max-width: 900px) 100vw, 900px\" \/>\t\t\t\t\t\t\t\t\t\t\t\t\t<\/div>\n\t\t\t\t<\/div>\n\t\t\t\t\t<\/div>\n\t\t\t\t<\/div>\n\t\t\t\t<\/div>\n\t\t\n    <div class=\"xs_social_share_widget xs_share_url after_content \t\tmain_content  wslu-style-1 wslu-share-box-shaped wslu-fill-colored wslu-none wslu-share-horizontal wslu-theme-font-no wslu-main_content\">\n\n\t\t\n        <ul>\n\t\t\t        <\/ul>\n    <\/div> \n","protected":false},"excerpt":{"rendered":"","protected":false},"author":1,"featured_media":0,"parent":0,"menu_order":0,"comment_status":"closed","ping_status":"closed","template":"","meta":{"inline_featured_image":false,"footnotes":""},"class_list":["post-3060","page","type-page","status-publish","hentry"],"_links":{"self":[{"href":"https:\/\/hacibeygroup.com\/index.php\/wp-json\/wp\/v2\/pages\/3060","targetHints":{"allow":["GET"]}}],"collection":[{"href":"https:\/\/hacibeygroup.com\/index.php\/wp-json\/wp\/v2\/pages"}],"about":[{"href":"https:\/\/hacibeygroup.com\/index.php\/wp-json\/wp\/v2\/types\/page"}],"author":[{"embeddable":true,"href":"https:\/\/hacibeygroup.com\/index.php\/wp-json\/wp\/v2\/users\/1"}],"replies":[{"embeddable":true,"href":"https:\/\/hacibeygroup.com\/index.php\/wp-json\/wp\/v2\/comments?post=3060"}],"version-history":[{"count":4,"href":"https:\/\/hacibeygroup.com\/index.php\/wp-json\/wp\/v2\/pages\/3060\/revisions"}],"predecessor-version":[{"id":3069,"href":"https:\/\/hacibeygroup.com\/index.php\/wp-json\/wp\/v2\/pages\/3060\/revisions\/3069"}],"wp:attachment":[{"href":"https:\/\/hacibeygroup.com\/index.php\/wp-json\/wp\/v2\/media?parent=3060"}],"curies":[{"name":"wp","href":"https:\/\/api.w.org\/{rel}","templated":true}]}}